{"id":3364,"date":"2025-06-18T15:15:07","date_gmt":"2025-06-18T15:15:07","guid":{"rendered":"https:\/\/partsserviceworld.candy-group.de\/nadruk\/"},"modified":"2025-07-15T10:36:24","modified_gmt":"2025-07-15T10:36:24","slug":"nadruk","status":"publish","type":"page","link":"https:\/\/staging.partsserviceworld.com\/pl\/nadruk\/","title":{"rendered":"Nadruk"},"content":{"rendered":"\t\t<div data-elementor-type=\"wp-page\" data-elementor-id=\"3364\" class=\"elementor elementor-3364 elementor-1551\" data-elementor-post-type=\"page\">\n\t\t\t\t<div class=\"elementor-element elementor-element-dd88cc7 e-flex e-con-boxed e-con e-parent\" data-id=\"dd88cc7\" data-element_type=\"container\" data-e-type=\"container\" data-settings=\"{&quot;background_background&quot;:&quot;classic&quot;,&quot;jet_parallax_layout_list&quot;:[]}\">\n\t\t\t\t\t<div class=\"e-con-inner\">\n\t\t<div class=\"elementor-element elementor-element-90d3eec e-con-full e-flex e-con e-child\" data-id=\"90d3eec\" data-element_type=\"container\" data-e-type=\"container\" data-settings=\"{&quot;jet_parallax_layout_list&quot;:[]}\">\n\t\t<div class=\"elementor-element elementor-element-ffb80d6 e-con-full e-flex e-con e-child\" data-id=\"ffb80d6\" data-element_type=\"container\" data-e-type=\"container\" data-settings=\"{&quot;jet_parallax_layout_list&quot;:[]}\">\n\t\t\t\t<div class=\"elementor-element elementor-element-e0ecbf1 elementor-widget-tablet__width-inherit elementor-widget elementor-widget-button\" data-id=\"e0ecbf1\" data-element_type=\"widget\" data-e-type=\"widget\" data-widget_type=\"button.default\">\n\t\t\t\t\t\t\t\t\t\t<a class=\"elementor-button elementor-button-link elementor-size-sm\" href=\"https:\/\/staging.partsserviceworld.com\/pl\/\">\n\t\t\t\t\t\t<span class=\"elementor-button-content-wrapper\">\n\t\t\t\t\t\t<span class=\"elementor-button-icon\">\n\t\t\t\t<svg aria-hidden=\"true\" class=\"e-font-icon-svg e-fas-arrow-left\" viewBox=\"0 0 448 512\" xmlns=\"http:\/\/www.w3.org\/2000\/svg\"><path d=\"M257.5 445.1l-22.2 22.2c-9.4 9.4-24.6 9.4-33.9 0L7 273c-9.4-9.4-9.4-24.6 0-33.9L201.4 44.7c9.4-9.4 24.6-9.4 33.9 0l22.2 22.2c9.5 9.5 9.3 25-.4 34.3L136.6 216H424c13.3 0 24 10.7 24 24v32c0 13.3-10.7 24-24 24H136.6l120.5 114.8c9.8 9.3 10 24.8.4 34.3z\"><\/path><\/svg>\t\t\t<\/span>\n\t\t\t\t\t\t\t\t\t<span class=\"elementor-button-text\">Do strony g\u0142\u00f3wnej<\/span>\n\t\t\t\t\t<\/span>\n\t\t\t\t\t<\/a>\n\t\t\t\t\t\t\t\t<\/div>\n\t\t\t\t<div class=\"elementor-element elementor-element-3b75724 elementor-widget__width-initial elementor-widget elementor-widget-heading\" data-id=\"3b75724\" data-element_type=\"widget\" data-e-type=\"widget\" data-widget_type=\"heading.default\">\n\t\t\t\t\t<h1 class=\"elementor-heading-title elementor-size-default\">Nadruk<\/h1>\t\t\t\t<\/div>\n\t\t<div class=\"elementor-element elementor-element-51450f1 e-con-full e-flex e-con e-child\" data-id=\"51450f1\" data-element_type=\"container\" data-e-type=\"container\" data-settings=\"{&quot;background_background&quot;:&quot;classic&quot;,&quot;jet_parallax_layout_list&quot;:[]}\">\n\t\t<a class=\"elementor-element elementor-element-92529df e-con-full e-flex e-con e-child\" data-id=\"92529df\" data-element_type=\"container\" data-e-type=\"container\" data-settings=\"{&quot;background_background&quot;:&quot;classic&quot;,&quot;jet_parallax_layout_list&quot;:[]}\" href=\"https:\/\/staging.partsserviceworld.com\/pl\/skontaktuj-sie-z-nami\/\">\n\t\t\t\t<div class=\"elementor-element elementor-element-ebf4085 subheadline elementor-widget elementor-widget-heading\" data-id=\"ebf4085\" data-element_type=\"widget\" data-e-type=\"widget\" data-widget_type=\"heading.default\">\n\t\t\t\t\t<span class=\"elementor-heading-title elementor-size-default\">Skontaktuj si\u0119 z nami<\/span>\t\t\t\t<\/div>\n\t\t\t\t<\/a>\n\t\t<a class=\"elementor-element elementor-element-10de54d e-con-full e-flex e-con e-child\" data-id=\"10de54d\" data-element_type=\"container\" data-e-type=\"container\" data-settings=\"{&quot;background_background&quot;:&quot;classic&quot;,&quot;jet_parallax_layout_list&quot;:[]}\" href=\"#impressum\">\n\t\t\t\t<div class=\"elementor-element elementor-element-3de9a98 subheadline elementor-widget elementor-widget-heading\" data-id=\"3de9a98\" data-element_type=\"widget\" data-e-type=\"widget\" data-widget_type=\"heading.default\">\n\t\t\t\t\t<span class=\"elementor-heading-title elementor-size-default\">Do nadruku<\/span>\t\t\t\t<\/div>\n\t\t\t\t<\/a>\n\t\t\t\t<\/div>\n\t\t\t\t<\/div>\n\t\t<div class=\"elementor-element elementor-element-add9990 e-con-full e-flex e-con e-child\" data-id=\"add9990\" data-element_type=\"container\" data-e-type=\"container\" data-settings=\"{&quot;jet_parallax_layout_list&quot;:[],&quot;background_background&quot;:&quot;classic&quot;}\">\n\t\t\t\t<\/div>\n\t\t\t\t<\/div>\n\t\t\t\t\t<\/div>\n\t\t\t\t<\/div>\n\t\t<div class=\"elementor-element elementor-element-8508786 e-flex e-con-boxed e-con e-parent\" data-id=\"8508786\" data-element_type=\"container\" data-e-type=\"container\" id=\"impressum\" data-settings=\"{&quot;background_background&quot;:&quot;classic&quot;,&quot;jet_parallax_layout_list&quot;:[]}\">\n\t\t\t\t\t<div class=\"e-con-inner\">\n\t\t\t\t<div class=\"elementor-element elementor-element-621db92 elementor-widget__width-initial elementor-widget elementor-widget-text-editor\" data-id=\"621db92\" data-element_type=\"widget\" data-e-type=\"widget\" data-widget_type=\"text-editor.default\">\n\t\t\t\t\t\t\t\t\t<p><strong>Wilhelm Fricke SE<\/strong><br>Zum Kreuzkamp 7<br>D-27404 Heeslingen<\/p><p> <\/p><p><strong>Telefon:<\/strong> +49-4281-712-712<br><strong>Faks:<\/strong> +49-4281-712-700<br><strong>E-mail:<\/strong> <a href=\"mailto:bestellung@granit-parts.com\">bestellung@granit-parts.com<\/a><br><strong>Internet:<\/strong> <a href=\"https:\/\/www.granit-parts.com\/\" target=\"_blank\" rel=\"noopener\">www.granit-parts.com<\/a><\/p><p> <\/p><p><strong>Zarz\u0105d<\/strong>: <br>Hans-Peter Fricke, Holger Wachholtz<\/p><p><strong>Tostedt Local Court HRB 205740<\/strong><br><strong>Numer identyfikacji podatkowej zgodnie z \u00a7 27 a ustawy o podatku od towar\u00f3w i us\u0142ug:<\/strong> DE 815 646 089<\/p><p><strong><br>Wy\u0142\u0105czenie odpowiedzialno\u015bci<\/strong>:<br>Pomimo starannej kontroli tre\u015bci, nie ponosimy odpowiedzialno\u015bci za tre\u015b\u0107 link\u00f3w zewn\u0119trznych. Operatorzy stron, do kt\u00f3rych prowadz\u0105 linki, ponosz\u0105 wy\u0142\u0105czn\u0105 odpowiedzialno\u015b\u0107 za ich tre\u015b\u0107. <\/p><p><br>Copyright 2017 Wilhelm Fricke SE<br>Powielanie wy\u0142\u0105cznie za pisemn\u0105 zgod\u0105 Wilhelm Fricke SE<\/p><p><strong><br>Obowi\u0105zki informacyjne zgodnie z ODR-VO i VSBG:<\/strong><br>Komisja Europejska udost\u0119pnia platform\u0119 internetowego rozstrzygania spor\u00f3w (OS), do kt\u00f3rej mo\u017cna uzyska\u0107 dost\u0119p tutaj. Jeste\u015bmy przekonani, \u017ce wsp\u00f3lnie z naszymi klientami znajdziemy odpowiednie rozwi\u0105zanie dla wszystkich kwestii. Poniewa\u017c nie jeste\u015bmy zobowi\u0105zani do uczestniczenia w tej procedurze internetowego rozstrzygania spor\u00f3w, nie bierzemy w niej udzia\u0142u. Skontaktuj si\u0119 z nami, korzystaj\u0105c z powy\u017cszych danych kontaktowych, a my skontaktujemy si\u0119 z Tob\u0105 tak szybko, jak to mo\u017cliwe. Ponadto nie jeste\u015bmy sk\u0142onni ani zobowi\u0105zani do udzia\u0142u w procedurze rozstrzygania spor\u00f3w przed komisj\u0105 arbitra\u017cow\u0105 konsument\u00f3w w rozumieniu ustawy o rozstrzyganiu spor\u00f3w konsumenckich (VSBG).    <\/p>\t\t\t\t\t\t\t\t<\/div>\n\t\t\t\t\t<\/div>\n\t\t\t\t<\/div>\n\t\t\t\t<\/div>\n\t\t","protected":false},"excerpt":{"rendered":"<p>Do strony g\u0142\u00f3wnej Nadruk Skontaktuj si\u0119 z nami Do nadruku Wilhelm Fricke SEZum Kreuzkamp 7D-27404 Heeslingen Telefon: +49-4281-712-712Faks: +49-4281-712-700E-mail: bestellung@granit-parts.comInternet: www.granit-parts.com Zarz\u0105d: Hans-Peter Fricke, Holger Wachholtz Tostedt Local Court HRB 205740Numer identyfikacji podatkowej zgodnie z \u00a7 27 a ustawy o podatku od towar\u00f3w i us\u0142ug: DE 815 646 089 Wy\u0142\u0105czenie odpowiedzialno\u015bci:Pomimo starannej kontroli tre\u015bci, nie [&hellip;]<\/p>\n","protected":false},"author":2,"featured_media":0,"parent":0,"menu_order":0,"comment_status":"closed","ping_status":"closed","template":"","meta":{"_angie_page":false,"_monsterinsights_skip_tracking":false,"_monsterinsights_sitenote_active":false,"_monsterinsights_sitenote_note":"","_monsterinsights_sitenote_category":0,"footnotes":""},"class_list":["post-3364","page","type-page","status-publish","hentry"],"_links":{"self":[{"href":"https:\/\/staging.partsserviceworld.com\/pl\/wp-json\/wp\/v2\/pages\/3364","targetHints":{"allow":["GET"]}}],"collection":[{"href":"https:\/\/staging.partsserviceworld.com\/pl\/wp-json\/wp\/v2\/pages"}],"about":[{"href":"https:\/\/staging.partsserviceworld.com\/pl\/wp-json\/wp\/v2\/types\/page"}],"author":[{"embeddable":true,"href":"https:\/\/staging.partsserviceworld.com\/pl\/wp-json\/wp\/v2\/users\/2"}],"replies":[{"embeddable":true,"href":"https:\/\/staging.partsserviceworld.com\/pl\/wp-json\/wp\/v2\/comments?post=3364"}],"version-history":[{"count":0,"href":"https:\/\/staging.partsserviceworld.com\/pl\/wp-json\/wp\/v2\/pages\/3364\/revisions"}],"wp:attachment":[{"href":"https:\/\/staging.partsserviceworld.com\/pl\/wp-json\/wp\/v2\/media?parent=3364"}],"curies":[{"name":"wp","href":"https:\/\/api.w.org\/{rel}","templated":true}]}}