{"id":3368,"date":"2025-06-18T15:15:07","date_gmt":"2025-06-18T15:15:07","guid":{"rendered":"https:\/\/partsserviceworld.candy-group.de\/mentions-legales\/"},"modified":"2025-07-15T10:36:19","modified_gmt":"2025-07-15T10:36:19","slug":"mentions-legales","status":"publish","type":"page","link":"https:\/\/staging.partsserviceworld.com\/fr\/mentions-legales\/","title":{"rendered":"Mentions l\u00e9gales"},"content":{"rendered":"\t\t<div data-elementor-type=\"wp-page\" data-elementor-id=\"3368\" class=\"elementor elementor-3368 elementor-1551\" data-elementor-post-type=\"page\">\n\t\t\t\t<div class=\"elementor-element elementor-element-dd88cc7 e-flex e-con-boxed e-con e-parent\" data-id=\"dd88cc7\" data-element_type=\"container\" data-e-type=\"container\" data-settings=\"{&quot;background_background&quot;:&quot;classic&quot;,&quot;jet_parallax_layout_list&quot;:[]}\">\n\t\t\t\t\t<div class=\"e-con-inner\">\n\t\t<div class=\"elementor-element elementor-element-90d3eec e-con-full e-flex e-con e-child\" data-id=\"90d3eec\" data-element_type=\"container\" data-e-type=\"container\" data-settings=\"{&quot;jet_parallax_layout_list&quot;:[]}\">\n\t\t<div class=\"elementor-element elementor-element-ffb80d6 e-con-full e-flex e-con e-child\" data-id=\"ffb80d6\" data-element_type=\"container\" data-e-type=\"container\" data-settings=\"{&quot;jet_parallax_layout_list&quot;:[]}\">\n\t\t\t\t<div class=\"elementor-element elementor-element-e0ecbf1 elementor-widget-tablet__width-inherit elementor-widget elementor-widget-button\" data-id=\"e0ecbf1\" data-element_type=\"widget\" data-e-type=\"widget\" data-widget_type=\"button.default\">\n\t\t\t\t\t\t\t\t\t\t<a class=\"elementor-button elementor-button-link elementor-size-sm\" href=\"https:\/\/staging.partsserviceworld.com\/fr\/\">\n\t\t\t\t\t\t<span class=\"elementor-button-content-wrapper\">\n\t\t\t\t\t\t<span class=\"elementor-button-icon\">\n\t\t\t\t<svg aria-hidden=\"true\" class=\"e-font-icon-svg e-fas-arrow-left\" viewBox=\"0 0 448 512\" xmlns=\"http:\/\/www.w3.org\/2000\/svg\"><path d=\"M257.5 445.1l-22.2 22.2c-9.4 9.4-24.6 9.4-33.9 0L7 273c-9.4-9.4-9.4-24.6 0-33.9L201.4 44.7c9.4-9.4 24.6-9.4 33.9 0l22.2 22.2c9.5 9.5 9.3 25-.4 34.3L136.6 216H424c13.3 0 24 10.7 24 24v32c0 13.3-10.7 24-24 24H136.6l120.5 114.8c9.8 9.3 10 24.8.4 34.3z\"><\/path><\/svg>\t\t\t<\/span>\n\t\t\t\t\t\t\t\t\t<span class=\"elementor-button-text\">Aller \u00e0 la page d'accueil<\/span>\n\t\t\t\t\t<\/span>\n\t\t\t\t\t<\/a>\n\t\t\t\t\t\t\t\t<\/div>\n\t\t\t\t<div class=\"elementor-element elementor-element-3b75724 elementor-widget__width-initial elementor-widget elementor-widget-heading\" data-id=\"3b75724\" data-element_type=\"widget\" data-e-type=\"widget\" data-widget_type=\"heading.default\">\n\t\t\t\t\t<h1 class=\"elementor-heading-title elementor-size-default\">Mentions l\u00e9gales<\/h1>\t\t\t\t<\/div>\n\t\t<div class=\"elementor-element elementor-element-51450f1 e-con-full e-flex e-con e-child\" data-id=\"51450f1\" data-element_type=\"container\" data-e-type=\"container\" data-settings=\"{&quot;background_background&quot;:&quot;classic&quot;,&quot;jet_parallax_layout_list&quot;:[]}\">\n\t\t<a class=\"elementor-element elementor-element-92529df e-con-full e-flex e-con e-child\" data-id=\"92529df\" data-element_type=\"container\" data-e-type=\"container\" data-settings=\"{&quot;background_background&quot;:&quot;classic&quot;,&quot;jet_parallax_layout_list&quot;:[]}\" href=\"https:\/\/staging.partsserviceworld.com\/fr\/contact\/\">\n\t\t\t\t<div class=\"elementor-element elementor-element-ebf4085 subheadline elementor-widget elementor-widget-heading\" data-id=\"ebf4085\" data-element_type=\"widget\" data-e-type=\"widget\" data-widget_type=\"heading.default\">\n\t\t\t\t\t<span class=\"elementor-heading-title elementor-size-default\">Prendre contact<\/span>\t\t\t\t<\/div>\n\t\t\t\t<\/a>\n\t\t<a class=\"elementor-element elementor-element-10de54d e-con-full e-flex e-con e-child\" data-id=\"10de54d\" data-element_type=\"container\" data-e-type=\"container\" data-settings=\"{&quot;background_background&quot;:&quot;classic&quot;,&quot;jet_parallax_layout_list&quot;:[]}\" href=\"#impressum\">\n\t\t\t\t<div class=\"elementor-element elementor-element-3de9a98 subheadline elementor-widget elementor-widget-heading\" data-id=\"3de9a98\" data-element_type=\"widget\" data-e-type=\"widget\" data-widget_type=\"heading.default\">\n\t\t\t\t\t<span class=\"elementor-heading-title elementor-size-default\">Vers les mentions l\u00e9gales<\/span>\t\t\t\t<\/div>\n\t\t\t\t<\/a>\n\t\t\t\t<\/div>\n\t\t\t\t<\/div>\n\t\t<div class=\"elementor-element elementor-element-add9990 e-con-full e-flex e-con e-child\" data-id=\"add9990\" data-element_type=\"container\" data-e-type=\"container\" data-settings=\"{&quot;jet_parallax_layout_list&quot;:[],&quot;background_background&quot;:&quot;classic&quot;}\">\n\t\t\t\t<\/div>\n\t\t\t\t<\/div>\n\t\t\t\t\t<\/div>\n\t\t\t\t<\/div>\n\t\t<div class=\"elementor-element elementor-element-8508786 e-flex e-con-boxed e-con e-parent\" data-id=\"8508786\" data-element_type=\"container\" data-e-type=\"container\" id=\"impressum\" data-settings=\"{&quot;background_background&quot;:&quot;classic&quot;,&quot;jet_parallax_layout_list&quot;:[]}\">\n\t\t\t\t\t<div class=\"e-con-inner\">\n\t\t\t\t<div class=\"elementor-element elementor-element-621db92 elementor-widget__width-initial elementor-widget elementor-widget-text-editor\" data-id=\"621db92\" data-element_type=\"widget\" data-e-type=\"widget\" data-widget_type=\"text-editor.default\">\n\t\t\t\t\t\t\t\t\t<p><strong>Wilhelm Fricke SE<\/strong><br>Zum Kreuzkamp 7<br>D-27404 Heeslingen<\/p><p> <\/p><p>49-4281-712-712<br><strong>Fax :<\/strong> +49-4281-712-700<br><strong>E-mail :<\/strong> <a href=\"mailto:bestellung@granit-parts.com\">bestellung@granit-parts.com<\/a><br><strong>Internet :<\/strong> <a href=\"https:\/\/www.granit-parts.com\/\" target=\"_blank\" rel=\"noopener\">www.granit-parts.com<\/a><\/p><p> <\/p><p><strong>Conseil d&rsquo;administration<\/strong>: <br>Hans-Peter Fricke, Holger Wachholtz<\/p><p><strong>Tribunal d&rsquo;instance de Tostedt HRB 205740<\/strong><br><strong>Num\u00e9ro de TVA intracommunautaire conform\u00e9ment au \u00a7 27 a de la loi sur la TVA :<\/strong> DE 815 646 089<\/p><p><strong><br>Clause de responsabilit\u00e9<\/strong>:<br>Malgr\u00e9 un contr\u00f4le minutieux du contenu, nous n&rsquo;assumons aucune responsabilit\u00e9 pour le contenu des liens externes. Seuls les exploitants de ces sites sont responsables de leur contenu. <\/p><p><br>Copyright 2017 Wilhelm Fricke SE<br>Reproduction uniquement avec l&rsquo;autorisation \u00e9crite de Wilhelm Fricke SE<\/p><p><strong><br>Obligations d&rsquo;information selon le r\u00e8glement ODR et la VSBG :<\/strong><br>La Commission europ\u00e9enne met \u00e0 disposition une plate-forme de r\u00e8glement en ligne des litiges (OS), accessible ici. Nous sommes convaincus que nous trouverons une solution appropri\u00e9e \u00e0 tous les sujets en collaboration avec nos clients. Comme nous ne sommes pas tenus de participer \u00e0 cette proc\u00e9dure de r\u00e8glement en ligne des litiges, nous n&rsquo;y participons pas. Veuillez nous contacter aux coordonn\u00e9es ci-dessus et nous vous r\u00e9pondrons dans les plus brefs d\u00e9lais. En outre, nous ne sommes ni pr\u00eats ni oblig\u00e9s de participer \u00e0 une proc\u00e9dure de r\u00e8glement des litiges devant un organisme de conciliation des consommateurs au sens de la loi allemande sur le r\u00e8glement des litiges de consommation (VSBG).    <\/p>\t\t\t\t\t\t\t\t<\/div>\n\t\t\t\t\t<\/div>\n\t\t\t\t<\/div>\n\t\t\t\t<\/div>\n\t\t","protected":false},"excerpt":{"rendered":"<p>Aller \u00e0 la page d&rsquo;accueil Mentions l\u00e9gales Prendre contact Vers les mentions l\u00e9gales Wilhelm Fricke SEZum Kreuzkamp 7D-27404 Heeslingen 49-4281-712-712Fax : +49-4281-712-700E-mail : bestellung@granit-parts.comInternet : www.granit-parts.com Conseil d&rsquo;administration: Hans-Peter Fricke, Holger Wachholtz Tribunal d&rsquo;instance de Tostedt HRB 205740Num\u00e9ro de TVA intracommunautaire conform\u00e9ment au \u00a7 27 a de la loi sur la TVA : DE 815 [&hellip;]<\/p>\n","protected":false},"author":2,"featured_media":0,"parent":0,"menu_order":0,"comment_status":"closed","ping_status":"closed","template":"","meta":{"_angie_page":false,"_monsterinsights_skip_tracking":false,"_monsterinsights_sitenote_active":false,"_monsterinsights_sitenote_note":"","_monsterinsights_sitenote_category":0,"footnotes":""},"class_list":["post-3368","page","type-page","status-publish","hentry"],"_links":{"self":[{"href":"https:\/\/staging.partsserviceworld.com\/fr\/wp-json\/wp\/v2\/pages\/3368","targetHints":{"allow":["GET"]}}],"collection":[{"href":"https:\/\/staging.partsserviceworld.com\/fr\/wp-json\/wp\/v2\/pages"}],"about":[{"href":"https:\/\/staging.partsserviceworld.com\/fr\/wp-json\/wp\/v2\/types\/page"}],"author":[{"embeddable":true,"href":"https:\/\/staging.partsserviceworld.com\/fr\/wp-json\/wp\/v2\/users\/2"}],"replies":[{"embeddable":true,"href":"https:\/\/staging.partsserviceworld.com\/fr\/wp-json\/wp\/v2\/comments?post=3368"}],"version-history":[{"count":0,"href":"https:\/\/staging.partsserviceworld.com\/fr\/wp-json\/wp\/v2\/pages\/3368\/revisions"}],"wp:attachment":[{"href":"https:\/\/staging.partsserviceworld.com\/fr\/wp-json\/wp\/v2\/media?parent=3368"}],"curies":[{"name":"wp","href":"https:\/\/api.w.org\/{rel}","templated":true}]}}