{"id":3360,"date":"2025-06-18T15:15:07","date_gmt":"2025-06-18T15:15:07","guid":{"rendered":"https:\/\/partsserviceworld.candy-group.de\/pie-de-imprenta\/"},"modified":"2025-07-15T10:36:26","modified_gmt":"2025-07-15T10:36:26","slug":"pie-de-imprenta","status":"publish","type":"page","link":"https:\/\/staging.partsserviceworld.com\/es\/pie-de-imprenta\/","title":{"rendered":"Pie de imprenta"},"content":{"rendered":"\t\t<div data-elementor-type=\"wp-page\" data-elementor-id=\"3360\" class=\"elementor elementor-3360 elementor-1551\" data-elementor-post-type=\"page\">\n\t\t\t\t<div class=\"elementor-element elementor-element-dd88cc7 e-flex e-con-boxed e-con e-parent\" data-id=\"dd88cc7\" data-element_type=\"container\" data-e-type=\"container\" data-settings=\"{&quot;background_background&quot;:&quot;classic&quot;,&quot;jet_parallax_layout_list&quot;:[]}\">\n\t\t\t\t\t<div class=\"e-con-inner\">\n\t\t<div class=\"elementor-element elementor-element-90d3eec e-con-full e-flex e-con e-child\" data-id=\"90d3eec\" data-element_type=\"container\" data-e-type=\"container\" data-settings=\"{&quot;jet_parallax_layout_list&quot;:[]}\">\n\t\t<div class=\"elementor-element elementor-element-ffb80d6 e-con-full e-flex e-con e-child\" data-id=\"ffb80d6\" data-element_type=\"container\" data-e-type=\"container\" data-settings=\"{&quot;jet_parallax_layout_list&quot;:[]}\">\n\t\t\t\t<div class=\"elementor-element elementor-element-e0ecbf1 elementor-widget-tablet__width-inherit elementor-widget elementor-widget-button\" data-id=\"e0ecbf1\" data-element_type=\"widget\" data-e-type=\"widget\" data-widget_type=\"button.default\">\n\t\t\t\t\t\t\t\t\t\t<a class=\"elementor-button elementor-button-link elementor-size-sm\" href=\"https:\/\/staging.partsserviceworld.com\/es\/\">\n\t\t\t\t\t\t<span class=\"elementor-button-content-wrapper\">\n\t\t\t\t\t\t<span class=\"elementor-button-icon\">\n\t\t\t\t<svg aria-hidden=\"true\" class=\"e-font-icon-svg e-fas-arrow-left\" viewBox=\"0 0 448 512\" xmlns=\"http:\/\/www.w3.org\/2000\/svg\"><path d=\"M257.5 445.1l-22.2 22.2c-9.4 9.4-24.6 9.4-33.9 0L7 273c-9.4-9.4-9.4-24.6 0-33.9L201.4 44.7c9.4-9.4 24.6-9.4 33.9 0l22.2 22.2c9.5 9.5 9.3 25-.4 34.3L136.6 216H424c13.3 0 24 10.7 24 24v32c0 13.3-10.7 24-24 24H136.6l120.5 114.8c9.8 9.3 10 24.8.4 34.3z\"><\/path><\/svg>\t\t\t<\/span>\n\t\t\t\t\t\t\t\t\t<span class=\"elementor-button-text\">A la p\u00e1gina de inicio<\/span>\n\t\t\t\t\t<\/span>\n\t\t\t\t\t<\/a>\n\t\t\t\t\t\t\t\t<\/div>\n\t\t\t\t<div class=\"elementor-element elementor-element-3b75724 elementor-widget__width-initial elementor-widget elementor-widget-heading\" data-id=\"3b75724\" data-element_type=\"widget\" data-e-type=\"widget\" data-widget_type=\"heading.default\">\n\t\t\t\t\t<h1 class=\"elementor-heading-title elementor-size-default\">Pie de imprenta<\/h1>\t\t\t\t<\/div>\n\t\t<div class=\"elementor-element elementor-element-51450f1 e-con-full e-flex e-con e-child\" data-id=\"51450f1\" data-element_type=\"container\" data-e-type=\"container\" data-settings=\"{&quot;background_background&quot;:&quot;classic&quot;,&quot;jet_parallax_layout_list&quot;:[]}\">\n\t\t<a class=\"elementor-element elementor-element-92529df e-con-full e-flex e-con e-child\" data-id=\"92529df\" data-element_type=\"container\" data-e-type=\"container\" data-settings=\"{&quot;background_background&quot;:&quot;classic&quot;,&quot;jet_parallax_layout_list&quot;:[]}\" href=\"https:\/\/staging.partsserviceworld.com\/es\/contacta-con-nosotros\/\">\n\t\t\t\t<div class=\"elementor-element elementor-element-ebf4085 subheadline elementor-widget elementor-widget-heading\" data-id=\"ebf4085\" data-element_type=\"widget\" data-e-type=\"widget\" data-widget_type=\"heading.default\">\n\t\t\t\t\t<span class=\"elementor-heading-title elementor-size-default\">Contacta con nosotros<\/span>\t\t\t\t<\/div>\n\t\t\t\t<\/a>\n\t\t<a class=\"elementor-element elementor-element-10de54d e-con-full e-flex e-con e-child\" data-id=\"10de54d\" data-element_type=\"container\" data-e-type=\"container\" data-settings=\"{&quot;background_background&quot;:&quot;classic&quot;,&quot;jet_parallax_layout_list&quot;:[]}\" href=\"#impressum\">\n\t\t\t\t<div class=\"elementor-element elementor-element-3de9a98 subheadline elementor-widget elementor-widget-heading\" data-id=\"3de9a98\" data-element_type=\"widget\" data-e-type=\"widget\" data-widget_type=\"heading.default\">\n\t\t\t\t\t<span class=\"elementor-heading-title elementor-size-default\">A la huella<\/span>\t\t\t\t<\/div>\n\t\t\t\t<\/a>\n\t\t\t\t<\/div>\n\t\t\t\t<\/div>\n\t\t<div class=\"elementor-element elementor-element-add9990 e-con-full e-flex e-con e-child\" data-id=\"add9990\" data-element_type=\"container\" data-e-type=\"container\" data-settings=\"{&quot;jet_parallax_layout_list&quot;:[],&quot;background_background&quot;:&quot;classic&quot;}\">\n\t\t\t\t<\/div>\n\t\t\t\t<\/div>\n\t\t\t\t\t<\/div>\n\t\t\t\t<\/div>\n\t\t<div class=\"elementor-element elementor-element-8508786 e-flex e-con-boxed e-con e-parent\" data-id=\"8508786\" data-element_type=\"container\" data-e-type=\"container\" id=\"impressum\" data-settings=\"{&quot;background_background&quot;:&quot;classic&quot;,&quot;jet_parallax_layout_list&quot;:[]}\">\n\t\t\t\t\t<div class=\"e-con-inner\">\n\t\t\t\t<div class=\"elementor-element elementor-element-621db92 elementor-widget__width-initial elementor-widget elementor-widget-text-editor\" data-id=\"621db92\" data-element_type=\"widget\" data-e-type=\"widget\" data-widget_type=\"text-editor.default\">\n\t\t\t\t\t\t\t\t\t<p><strong>Wilhelm Fricke SE<\/strong><br>Zum Kreuzkamp 7<br>D-27404 Heeslingen<\/p><p> <\/p><p><strong>Tel\u00e9fono:<\/strong> +49-4281-712-712<br><strong>Fax:<\/strong> +49-4281-712-700<br><strong>Correo electr\u00f3nico:<\/strong> <a href=\"mailto:bestellung@granit-parts.com\">bestellung@granit-parts.com<\/a><br><strong>Internet:<\/strong> <a href=\"https:\/\/www.granit-parts.com\/\" target=\"_blank\" rel=\"noopener\">www.granit-parts.com<\/a><\/p><p> <\/p><p><strong>Comit\u00e9 Ejecutivo<\/strong>: <br>Hans-Peter Fricke, Holger Wachholtz<\/p><p><strong>Juzgado Local de Tostedt HRB 205740<\/strong><br><strong>N\u00famero de identificaci\u00f3n del impuesto sobre el valor a\u00f1adido conforme al art\u00edculo 27 a de la Ley del Impuesto sobre el Valor A\u00f1adido:<\/strong> DE 815 646 089<\/p><p><strong><br>Descargo de responsabilidad<\/strong>:<br>A pesar de controlar cuidadosamente el contenido, no asumimos ninguna responsabilidad por el contenido de los enlaces externos. Los operadores de las p\u00e1ginas enlazadas son los \u00fanicos responsables de su contenido. <\/p><p><br>Copyright 2017 Wilhelm Fricke SE<br>Reproducci\u00f3n s\u00f3lo con autorizaci\u00f3n escrita de Wilhelm Fricke SE<\/p><p><strong><br>Obligaciones de informaci\u00f3n seg\u00fan ODR-VO y VSBG:<\/strong><br>La Comisi\u00f3n Europea proporciona una plataforma para la resoluci\u00f3n de litigios en l\u00ednea (OS), a la que puedes acceder aqu\u00ed. Estamos convencidos de que encontraremos una soluci\u00f3n adecuada para todos los problemas junto con nuestros clientes. Como no estamos obligados a participar en este procedimiento de resoluci\u00f3n de litigios en l\u00ednea, no tomamos parte en \u00e9l. Ponte en contacto con nosotros utilizando los datos de contacto que figuran m\u00e1s arriba y nos pondremos en contacto contigo lo antes posible. Adem\u00e1s, no estamos dispuestos ni obligados a participar en un procedimiento de resoluci\u00f3n de litigios ante una junta de arbitraje de consumo en el sentido de la Ley de resoluci\u00f3n de litigios de consumo (VSBG).    <\/p>\t\t\t\t\t\t\t\t<\/div>\n\t\t\t\t\t<\/div>\n\t\t\t\t<\/div>\n\t\t\t\t<\/div>\n\t\t","protected":false},"excerpt":{"rendered":"<p>A la p\u00e1gina de inicio Pie de imprenta Contacta con nosotros A la huella Wilhelm Fricke SEZum Kreuzkamp 7D-27404 Heeslingen Tel\u00e9fono: +49-4281-712-712Fax: +49-4281-712-700Correo electr\u00f3nico: bestellung@granit-parts.comInternet: www.granit-parts.com Comit\u00e9 Ejecutivo: Hans-Peter Fricke, Holger Wachholtz Juzgado Local de Tostedt HRB 205740N\u00famero de identificaci\u00f3n del impuesto sobre el valor a\u00f1adido conforme al art\u00edculo 27 a de la Ley del [&hellip;]<\/p>\n","protected":false},"author":2,"featured_media":0,"parent":0,"menu_order":0,"comment_status":"closed","ping_status":"closed","template":"","meta":{"_angie_page":false,"_monsterinsights_skip_tracking":false,"_monsterinsights_sitenote_active":false,"_monsterinsights_sitenote_note":"","_monsterinsights_sitenote_category":0,"footnotes":""},"class_list":["post-3360","page","type-page","status-publish","hentry"],"_links":{"self":[{"href":"https:\/\/staging.partsserviceworld.com\/es\/wp-json\/wp\/v2\/pages\/3360","targetHints":{"allow":["GET"]}}],"collection":[{"href":"https:\/\/staging.partsserviceworld.com\/es\/wp-json\/wp\/v2\/pages"}],"about":[{"href":"https:\/\/staging.partsserviceworld.com\/es\/wp-json\/wp\/v2\/types\/page"}],"author":[{"embeddable":true,"href":"https:\/\/staging.partsserviceworld.com\/es\/wp-json\/wp\/v2\/users\/2"}],"replies":[{"embeddable":true,"href":"https:\/\/staging.partsserviceworld.com\/es\/wp-json\/wp\/v2\/comments?post=3360"}],"version-history":[{"count":0,"href":"https:\/\/staging.partsserviceworld.com\/es\/wp-json\/wp\/v2\/pages\/3360\/revisions"}],"wp:attachment":[{"href":"https:\/\/staging.partsserviceworld.com\/es\/wp-json\/wp\/v2\/media?parent=3360"}],"curies":[{"name":"wp","href":"https:\/\/api.w.org\/{rel}","templated":true}]}}